{"id":125,"date":"2026-04-09T18:30:00","date_gmt":"2026-04-09T18:30:00","guid":{"rendered":"https:\/\/rendaextravirtual.com.br\/blog\/?page_id=125"},"modified":"2026-04-16T19:08:45","modified_gmt":"2026-04-16T19:08:45","slug":"quem-somos","status":"publish","type":"page","link":"https:\/\/rendaextravirtual.com.br\/blog\/quem-somos\/","title":{"rendered":"Quem Somos"},"content":{"rendered":"\t\t<div data-elementor-type=\"wp-page\" data-elementor-id=\"125\" class=\"elementor elementor-125\">\n\t\t\t\t<div class=\"elementor-element elementor-element-7b78cc4 e-flex e-con-boxed e-con e-parent\" data-id=\"7b78cc4\" data-element_type=\"container\" data-e-type=\"container\">\n\t\t\t\t\t<div class=\"e-con-inner\">\n\t\t<div class=\"elementor-element elementor-element-5541359 e-con-full e-flex e-con e-child\" data-id=\"5541359\" data-element_type=\"container\" data-e-type=\"container\">\n\t\t\t\t<div class=\"elementor-element elementor-element-2931619 elementor-widget elementor-widget-spacer\" data-id=\"2931619\" data-element_type=\"widget\" data-e-type=\"widget\" data-widget_type=\"spacer.default\">\n\t\t\t\t\t\t\t<div class=\"elementor-spacer\">\n\t\t\t<div class=\"elementor-spacer-inner\"><\/div>\n\t\t<\/div>\n\t\t\t\t\t\t<\/div>\n\t\t\t\t<div class=\"elementor-element elementor-element-442a68d elementor-widget elementor-widget-heading\" data-id=\"442a68d\" data-element_type=\"widget\" data-e-type=\"widget\" data-widget_type=\"heading.default\">\n\t\t\t\t\t<h2 class=\"elementor-heading-title elementor-size-default\">Nossa Hist\u00f3ria<\/h2>\t\t\t\t<\/div>\n\t\t\t\t<div class=\"elementor-element elementor-element-017ad54 elementor-widget elementor-widget-text-editor\" data-id=\"017ad54\" data-element_type=\"widget\" data-e-type=\"widget\" data-widget_type=\"text-editor.default\">\n\t\t\t\t\t\t\t\t\t<p data-path-to-node=\"8\">O que hoje \u00e9 uma estrutura s\u00f3lida, nasceu de uma inquietude: a percep\u00e7\u00e3o de que muitas empresas excelentes estavam &#8220;invis\u00edveis&#8221; no mundo digital por falta de um site que realmente as representasse.<\/p><p data-path-to-node=\"9\">N\u00e3o quer\u00edamos ser apenas mais uma ag\u00eancia que entrega um link. Quer\u00edamos ser o parceiro que constr\u00f3i a vitrine onde o seu cliente sente confian\u00e7a logo no primeiro clique. Nossa trajet\u00f3ria foi constru\u00edda ouvindo hist\u00f3rias, entendendo desafios e transformando cada projeto em uma ferramenta de vendas real.<\/p>\t\t\t\t\t\t\t\t<\/div>\n\t\t\t\t<\/div>\n\t\t<div class=\"elementor-element elementor-element-a9df2ba e-con-full e-flex e-con e-child\" data-id=\"a9df2ba\" data-element_type=\"container\" data-e-type=\"container\">\n\t\t\t\t<div class=\"elementor-element elementor-element-6930dbb elementor-widget elementor-widget-spacer\" data-id=\"6930dbb\" data-element_type=\"widget\" data-e-type=\"widget\" data-widget_type=\"spacer.default\">\n\t\t\t\t\t\t\t<div class=\"elementor-spacer\">\n\t\t\t<div class=\"elementor-spacer-inner\"><\/div>\n\t\t<\/div>\n\t\t\t\t\t\t<\/div>\n\t\t\t\t<div class=\"elementor-element elementor-element-89990dd elementor-widget elementor-widget-image\" data-id=\"89990dd\" data-element_type=\"widget\" data-e-type=\"widget\" data-widget_type=\"image.default\">\n\t\t\t\t\t\t\t\t\t\t\t\t\t\t\t<img fetchpriority=\"high\" decoding=\"async\" width=\"1024\" height=\"826\" src=\"https:\/\/rendaextravirtual.com.br\/blog\/wp-content\/uploads\/2026\/04\/02_Criar_Pagina_Quem_Somos1.jpg\" class=\"attachment-large size-large wp-image-139\" alt=\"\" srcset=\"https:\/\/rendaextravirtual.com.br\/blog\/wp-content\/uploads\/2026\/04\/02_Criar_Pagina_Quem_Somos1.jpg 1024w, https:\/\/rendaextravirtual.com.br\/blog\/wp-content\/uploads\/2026\/04\/02_Criar_Pagina_Quem_Somos1-300x242.jpg 300w, https:\/\/rendaextravirtual.com.br\/blog\/wp-content\/uploads\/2026\/04\/02_Criar_Pagina_Quem_Somos1-768x620.jpg 768w\" sizes=\"(max-width: 1024px) 100vw, 1024px\" \/>\t\t\t\t\t\t\t\t\t\t\t\t\t\t\t<\/div>\n\t\t\t\t<\/div>\n\t\t\t\t\t<\/div>\n\t\t\t\t<\/div>\n\t\t<div class=\"elementor-element elementor-element-77a1215 e-flex e-con-boxed e-con e-parent\" data-id=\"77a1215\" data-element_type=\"container\" data-e-type=\"container\">\n\t\t\t\t\t<div class=\"e-con-inner\">\n\t\t\t\t<div class=\"elementor-element elementor-element-aabe107 elementor-widget elementor-widget-heading\" data-id=\"aabe107\" data-element_type=\"widget\" data-e-type=\"widget\" data-widget_type=\"heading.default\">\n\t\t\t\t\t<h2 class=\"elementor-heading-title elementor-size-default\">O que nos move<\/h2>\t\t\t\t<\/div>\n\t\t\t\t<div class=\"elementor-element elementor-element-40c1904 elementor-widget elementor-widget-text-editor\" data-id=\"40c1904\" data-element_type=\"widget\" data-e-type=\"widget\" data-widget_type=\"text-editor.default\">\n\t\t\t\t\t\t\t\t\t<ul><li><strong>Miss\u00e3o<\/strong>: Democratizar o acesso ao design de alta performance e tecnologia estrat\u00e9gica para empreendedores que desejam escalar seus neg\u00f3cios<\/li><li><strong>Valores<\/strong>: Transpar\u00eancia radical em cada etapa do processo, compromisso com o resultado do cliente e a busca constante pela inova\u00e7\u00e3o (sempre de m\u00e3os dadas com a Intelig\u00eancia Artificial).<\/li><\/ul>\t\t\t\t\t\t\t\t<\/div>\n\t\t\t\t<div class=\"elementor-element elementor-element-10c2930 elementor-widget elementor-widget-heading\" data-id=\"10c2930\" data-element_type=\"widget\" data-e-type=\"widget\" data-widget_type=\"heading.default\">\n\t\t\t\t\t<h2 class=\"elementor-heading-title elementor-size-default\">Por que n\u00f3s?<\/h2>\t\t\t\t<\/div>\n\t\t\t\t<div class=\"elementor-element elementor-element-61431ce elementor-widget elementor-widget-text-editor\" data-id=\"61431ce\" data-element_type=\"widget\" data-e-type=\"widget\" data-widget_type=\"text-editor.default\">\n\t\t\t\t\t\t\t\t\t<p>Acreditamos que um site n\u00e3o deve apenas existir; ele deve trabalhar por voc\u00ea. Enquanto outros focam apenas na est\u00e9tica, n\u00f3s unimos estrat\u00e9gia de convers\u00e3o, velocidade de carregamento e uma identidade visual \u00fanica.<\/p><p>Usamos o que h\u00e1 de mais moderno na tecnologia para garantir que seu site seja r\u00e1pido, seguro e, acima de tudo, humano<\/p>\t\t\t\t\t\t\t\t<\/div>\n\t\t\t\t<div class=\"elementor-element elementor-element-753dc63 elementor-widget elementor-widget-heading\" data-id=\"753dc63\" data-element_type=\"widget\" data-e-type=\"widget\" data-widget_type=\"heading.default\">\n\t\t\t\t\t<h2 class=\"elementor-heading-title elementor-size-default\">O Nosso Compromisso<\/h2>\t\t\t\t<\/div>\n\t\t\t\t<div class=\"elementor-element elementor-element-16b1c83 elementor-widget elementor-widget-text-editor\" data-id=\"16b1c83\" data-element_type=\"widget\" data-e-type=\"widget\" data-widget_type=\"text-editor.default\">\n\t\t\t\t\t\t\t\t\t<p><em>&#8220;Acreditamos que a tecnologia deve servir para aproximar pessoas e facilitar neg\u00f3cios. Quando criamos o seu site, n\u00e3o estamos apenas construindo uma p\u00e1gina, estamos abrindo as portas do seu sucesso para o mundo.&#8221;<\/em><\/p>\t\t\t\t\t\t\t\t<\/div>\n\t\t\t\t<div class=\"elementor-element elementor-element-5463787 elementor-widget elementor-widget-spacer\" data-id=\"5463787\" data-element_type=\"widget\" data-e-type=\"widget\" data-widget_type=\"spacer.default\">\n\t\t\t\t\t\t\t<div class=\"elementor-spacer\">\n\t\t\t<div class=\"elementor-spacer-inner\"><\/div>\n\t\t<\/div>\n\t\t\t\t\t\t<\/div>\n\t\t\t\t\t<\/div>\n\t\t\t\t<\/div>\n\t\t\t\t<\/div>\n\t\t","protected":false},"excerpt":{"rendered":"<p>Nossa Hist\u00f3ria O que hoje \u00e9 uma estrutura s\u00f3lida, nasceu de uma inquietude: a percep\u00e7\u00e3o de que muitas empresas excelentes estavam &#8220;invis\u00edveis&#8221; no mundo digital por falta de um site que realmente as representasse. N\u00e3o quer\u00edamos ser apenas mais uma ag\u00eancia que entrega um link. Quer\u00edamos ser o parceiro que constr\u00f3i a vitrine onde o [&hellip;]<\/p>\n","protected":false},"author":1,"featured_media":0,"parent":0,"menu_order":0,"comment_status":"closed","ping_status":"closed","template":"elementor_header_footer","meta":{"site-sidebar-layout":"no-sidebar","site-content-layout":"","ast-site-content-layout":"full-width-container","site-content-style":"default","site-sidebar-style":"default","ast-global-header-display":"","ast-banner-title-visibility":"","ast-main-header-display":"","ast-hfb-above-header-display":"","ast-hfb-below-header-display":"","ast-hfb-mobile-header-display":"","site-post-title":"","ast-breadcrumbs-content":"","ast-featured-img":"disabled","footer-sml-layout":"","ast-disable-related-posts":"","theme-transparent-header-meta":"","adv-header-id-meta":"","stick-header-meta":"","header-above-stick-meta":"","header-main-stick-meta":"","header-below-stick-meta":"","astra-migrate-meta-layouts":"default","ast-page-background-enabled":"default","ast-page-background-meta":{"desktop":{"background-color":"var(--ast-global-color-5)","background-image":"","background-repeat":"repeat","background-position":"center center","background-size":"auto","background-attachment":"scroll","background-type":"","background-media":"","overlay-type":"","overlay-color":"","overlay-opacity":"","overlay-gradient":""},"tablet":{"background-color":"","background-image":"","background-repeat":"repeat","background-position":"center center","background-size":"auto","background-attachment":"scroll","background-type":"","background-media":"","overlay-type":"","overlay-color":"","overlay-opacity":"","overlay-gradient":""},"mobile":{"background-color":"","background-image":"","background-repeat":"repeat","background-position":"center center","background-size":"auto","background-attachment":"scroll","background-type":"","background-media":"","overlay-type":"","overlay-color":"","overlay-opacity":"","overlay-gradient":""}},"ast-content-background-meta":{"desktop":{"background-color":"var(--ast-global-color-4)","background-image":"","background-repeat":"repeat","background-position":"center center","background-size":"auto","background-attachment":"scroll","background-type":"","background-media":"","overlay-type":"","overlay-color":"","overlay-opacity":"","overlay-gradient":""},"tablet":{"background-color":"var(--ast-global-color-4)","background-image":"","background-repeat":"repeat","background-position":"center center","background-size":"auto","background-attachment":"scroll","background-type":"","background-media":"","overlay-type":"","overlay-color":"","overlay-opacity":"","overlay-gradient":""},"mobile":{"background-color":"var(--ast-global-color-4)","background-image":"","background-repeat":"repeat","background-position":"center center","background-size":"auto","background-attachment":"scroll","background-type":"","background-media":"","overlay-type":"","overlay-color":"","overlay-opacity":"","overlay-gradient":""}},"footnotes":""},"class_list":["post-125","page","type-page","status-publish","hentry"],"_links":{"self":[{"href":"https:\/\/rendaextravirtual.com.br\/blog\/wp-json\/wp\/v2\/pages\/125","targetHints":{"allow":["GET"]}}],"collection":[{"href":"https:\/\/rendaextravirtual.com.br\/blog\/wp-json\/wp\/v2\/pages"}],"about":[{"href":"https:\/\/rendaextravirtual.com.br\/blog\/wp-json\/wp\/v2\/types\/page"}],"author":[{"embeddable":true,"href":"https:\/\/rendaextravirtual.com.br\/blog\/wp-json\/wp\/v2\/users\/1"}],"replies":[{"embeddable":true,"href":"https:\/\/rendaextravirtual.com.br\/blog\/wp-json\/wp\/v2\/comments?post=125"}],"version-history":[{"count":31,"href":"https:\/\/rendaextravirtual.com.br\/blog\/wp-json\/wp\/v2\/pages\/125\/revisions"}],"predecessor-version":[{"id":317,"href":"https:\/\/rendaextravirtual.com.br\/blog\/wp-json\/wp\/v2\/pages\/125\/revisions\/317"}],"wp:attachment":[{"href":"https:\/\/rendaextravirtual.com.br\/blog\/wp-json\/wp\/v2\/media?parent=125"}],"curies":[{"name":"wp","href":"https:\/\/api.w.org\/{rel}","templated":true}]}}