{"id":120,"date":"2026-04-08T17:15:47","date_gmt":"2026-04-08T17:15:47","guid":{"rendered":"https:\/\/rendaextravirtual.com.br\/blog\/?page_id=120"},"modified":"2026-04-16T19:00:40","modified_gmt":"2026-04-16T19:00:40","slug":"termos-de-uso","status":"publish","type":"page","link":"https:\/\/rendaextravirtual.com.br\/blog\/termos-de-uso\/","title":{"rendered":"Termos de uso"},"content":{"rendered":"\t\t<div data-elementor-type=\"wp-page\" data-elementor-id=\"120\" class=\"elementor elementor-120\">\n\t\t\t\t<div class=\"elementor-element elementor-element-65cfee8 e-flex e-con-boxed e-con e-parent\" data-id=\"65cfee8\" data-element_type=\"container\" data-e-type=\"container\">\n\t\t\t\t\t<div class=\"e-con-inner\">\n\t\t\t\t<div class=\"elementor-element elementor-element-743256e elementor-widget elementor-widget-spacer\" data-id=\"743256e\" data-element_type=\"widget\" data-e-type=\"widget\" data-widget_type=\"spacer.default\">\n\t\t\t\t\t\t\t<div class=\"elementor-spacer\">\n\t\t\t<div class=\"elementor-spacer-inner\"><\/div>\n\t\t<\/div>\n\t\t\t\t\t\t<\/div>\n\t\t\t\t<div class=\"elementor-element elementor-element-f2d9639 elementor-widget elementor-widget-heading\" data-id=\"f2d9639\" data-element_type=\"widget\" data-e-type=\"widget\" data-widget_type=\"heading.default\">\n\t\t\t\t\t<h2 class=\"elementor-heading-title elementor-size-default\">Termos de Uso<\/h2>\t\t\t\t<\/div>\n\t\t\t\t<div class=\"elementor-element elementor-element-52d59a6 elementor-widget elementor-widget-text-editor\" data-id=\"52d59a6\" data-element_type=\"widget\" data-e-type=\"widget\" data-widget_type=\"text-editor.default\">\n\t\t\t\t\t\t\t\t\t<h3 style=\"box-sizing: inherit; border-style: solid; border-color: rgb(210, 214, 220); margin: 0px 0px 0.5em; font-size: 1.44em; color: rgb(17, 17, 17); text-rendering: optimizelegibility; line-height: 1.2; font-family: Arial, Helvetica, sans-serif; font-style: normal; word-spacing: 1px;\">1. Aceita\u00e7\u00e3o dos Termos<\/h3><p style=\"box-sizing: inherit; border-style: solid; border-color: rgb(210, 214, 220); margin: 0px 0px 1em; color: rgb(51, 51, 51); font-family: Arial, Helvetica, sans-serif; font-size: 14px; font-style: normal; font-weight: 400; word-spacing: 1px;\">Ao acessar o site&nbsp;<span style=\"box-sizing: inherit; border-width: 0px; border-style: solid; border-color: rgb(210, 214, 220); font-weight: bolder; outline: 0px !important;\">[DIGITE O NOME DO SEU SITE]<\/span>, voc\u00ea concorda com estes Termos de Uso e com todas as leis e regulamentos aplic\u00e1veis. Caso n\u00e3o concorde com algum destes termos, recomendamos que n\u00e3o utilize este site.<\/p><h3 style=\"box-sizing: inherit; border-style: solid; border-color: rgb(210, 214, 220); margin: 0px 0px 0.5em; font-size: 1.44em; color: rgb(17, 17, 17); text-rendering: optimizelegibility; line-height: 1.2; font-family: Arial, Helvetica, sans-serif; font-style: normal; word-spacing: 1px;\">2. Sobre o Conte\u00fado<\/h3><p style=\"box-sizing: inherit; border-style: solid; border-color: rgb(210, 214, 220); margin: 0px 0px 1em; color: rgb(51, 51, 51); font-family: Arial, Helvetica, sans-serif; font-size: 14px; font-style: normal; font-weight: 400; word-spacing: 1px;\">Todo o conte\u00fado disponibilizado neste site tem car\u00e1ter informativo e educacional.<\/p><p style=\"box-sizing: inherit; border-style: solid; border-color: rgb(210, 214, 220); margin: 0px 0px 1em; color: rgb(51, 51, 51); font-family: Arial, Helvetica, sans-serif; font-size: 14px; font-style: normal; font-weight: 400; word-spacing: 1px;\">N\u00e3o garantimos resultados espec\u00edficos, pois eles dependem de fatores individuais como dedica\u00e7\u00e3o, aplica\u00e7\u00e3o e contexto de cada usu\u00e1rio.<\/p><h3 style=\"box-sizing: inherit; border-style: solid; border-color: rgb(210, 214, 220); margin: 0px 0px 0.5em; font-size: 1.44em; color: rgb(17, 17, 17); text-rendering: optimizelegibility; line-height: 1.2; font-family: Arial, Helvetica, sans-serif; font-style: normal; word-spacing: 1px;\">3. Uso do Site<\/h3><p style=\"box-sizing: inherit; border-style: solid; border-color: rgb(210, 214, 220); margin: 0px 0px 1em; color: rgb(51, 51, 51); font-family: Arial, Helvetica, sans-serif; font-size: 14px; font-style: normal; font-weight: 400; word-spacing: 1px;\">Voc\u00ea concorda em utilizar este site apenas para fins legais e de forma que n\u00e3o prejudique o funcionamento, a seguran\u00e7a ou a experi\u00eancia de outros usu\u00e1rios.<\/p><p style=\"box-sizing: inherit; border-style: solid; border-color: rgb(210, 214, 220); margin: 0px 0px 1em; color: rgb(51, 51, 51); font-family: Arial, Helvetica, sans-serif; font-size: 14px; font-style: normal; font-weight: 400; word-spacing: 1px;\"><span style=\"box-sizing: inherit; border-width: 0px; border-style: solid; border-color: rgb(210, 214, 220); font-weight: bolder; outline: 0px !important;\">\u00c9 proibido<\/span>:<\/p><p style=\"box-sizing: inherit; border-style: solid; border-color: rgb(210, 214, 220); margin: 0px 0px 1em; color: rgb(51, 51, 51); font-family: Arial, Helvetica, sans-serif; font-size: 14px; font-style: normal; font-weight: 400; word-spacing: 1px;\">\u2022 Utilizar o site para atividades ilegais<\/p><p style=\"box-sizing: inherit; border-style: solid; border-color: rgb(210, 214, 220); margin: 0px 0px 1em; color: rgb(51, 51, 51); font-family: Arial, Helvetica, sans-serif; font-size: 14px; font-style: normal; font-weight: 400; word-spacing: 1px;\">\u2022 Tentar acessar \u00e1reas restritas sem autoriza\u00e7\u00e3o<\/p><p style=\"box-sizing: inherit; border-style: solid; border-color: rgb(210, 214, 220); margin: 0px 0px 1em; color: rgb(51, 51, 51); font-family: Arial, Helvetica, sans-serif; font-size: 14px; font-style: normal; font-weight: 400; word-spacing: 1px;\">\u2022 Copiar, distribuir ou reproduzir conte\u00fados sem permiss\u00e3o<\/p><ul style=\"box-sizing: inherit; border-style: solid; border-color: rgb(210, 214, 220); list-style: none; margin: 0px 0px 1em 1.5em; color: rgb(51, 51, 51); font-family: Arial, Helvetica, sans-serif; font-size: 14px; font-style: normal; font-weight: 400; word-spacing: 1px;\"><\/ul><h3 style=\"box-sizing: inherit; border-style: solid; border-color: rgb(210, 214, 220); margin: 0px 0px 0.5em; font-size: 1.44em; color: rgb(17, 17, 17); text-rendering: optimizelegibility; line-height: 1.2; font-family: Arial, Helvetica, sans-serif; font-style: normal; word-spacing: 1px;\">4. Propriedade Intelectual<\/h3><p style=\"box-sizing: inherit; border-style: solid; border-color: rgb(210, 214, 220); margin: 0px 0px 1em; color: rgb(51, 51, 51); font-family: Arial, Helvetica, sans-serif; font-size: 14px; font-style: normal; font-weight: 400; word-spacing: 1px;\">Todo o conte\u00fado deste site (textos, imagens, materiais, produtos, etc.) \u00e9 protegido por direitos autorais.<\/p><p style=\"box-sizing: inherit; border-style: solid; border-color: rgb(210, 214, 220); margin: 0px 0px 1em; color: rgb(51, 51, 51); font-family: Arial, Helvetica, sans-serif; font-size: 14px; font-style: normal; font-weight: 400; word-spacing: 1px;\">Voc\u00ea n\u00e3o pode copiar, reproduzir ou redistribuir qualquer conte\u00fado sem autoriza\u00e7\u00e3o pr\u00e9via.<\/p><h3 style=\"box-sizing: inherit; border-style: solid; border-color: rgb(210, 214, 220); margin: 0px 0px 0.5em; font-size: 1.44em; color: rgb(17, 17, 17); text-rendering: optimizelegibility; line-height: 1.2; font-family: Arial, Helvetica, sans-serif; font-style: normal; word-spacing: 1px;\">5. Produtos e Servi\u00e7os<\/h3><p style=\"box-sizing: inherit; border-style: solid; border-color: rgb(210, 214, 220); margin: 0px 0px 1em; color: rgb(51, 51, 51); font-family: Arial, Helvetica, sans-serif; font-size: 14px; font-style: normal; font-weight: 400; word-spacing: 1px;\">Ao adquirir qualquer produto ou servi\u00e7o neste site, voc\u00ea concorda com as condi\u00e7\u00f5es espec\u00edficas apresentadas no momento da compra.<\/p><p style=\"box-sizing: inherit; border-style: solid; border-color: rgb(210, 214, 220); margin: 0px 0px 1em; color: rgb(51, 51, 51); font-family: Arial, Helvetica, sans-serif; font-size: 14px; font-style: normal; font-weight: 400; word-spacing: 1px;\">Os acessos podem ser pessoais e intransfer\u00edveis, salvo quando informado o contr\u00e1rio.<\/p><h3 style=\"box-sizing: inherit; border-style: solid; border-color: rgb(210, 214, 220); margin: 0px 0px 0.5em; font-size: 1.44em; color: rgb(17, 17, 17); text-rendering: optimizelegibility; line-height: 1.2; font-family: Arial, Helvetica, sans-serif; font-style: normal; word-spacing: 1px;\">6. Limita\u00e7\u00e3o de Responsabilidade<\/h3><p style=\"box-sizing: inherit; border-style: solid; border-color: rgb(210, 214, 220); margin: 0px 0px 1em; color: rgb(51, 51, 51); font-family: Arial, Helvetica, sans-serif; font-size: 14px; font-style: normal; font-weight: 400; word-spacing: 1px;\">N\u00e3o nos responsabilizamos por:<\/p><p style=\"box-sizing: inherit; border-style: solid; border-color: rgb(210, 214, 220); margin: 0px 0px 1em; color: rgb(51, 51, 51); font-family: Arial, Helvetica, sans-serif; font-size: 14px; font-style: normal; font-weight: 400; word-spacing: 1px;\">\u2022 Resultados obtidos a partir do uso das informa\u00e7\u00f5es<\/p><p style=\"box-sizing: inherit; border-style: solid; border-color: rgb(210, 214, 220); margin: 0px 0px 1em; color: rgb(51, 51, 51); font-family: Arial, Helvetica, sans-serif; font-size: 14px; font-style: normal; font-weight: 400; word-spacing: 1px;\">\u2022 Decis\u00f5es tomadas com base no conte\u00fado<\/p><p style=\"box-sizing: inherit; border-style: solid; border-color: rgb(210, 214, 220); margin: 0px 0px 1em; color: rgb(51, 51, 51); font-family: Arial, Helvetica, sans-serif; font-size: 14px; font-style: normal; font-weight: 400; word-spacing: 1px;\">\u2022 Eventuais indisponibilidades do site<\/p><p style=\"box-sizing: inherit; border-style: solid; border-color: rgb(210, 214, 220); margin: 0px 0px 1em; color: rgb(51, 51, 51); font-family: Arial, Helvetica, sans-serif; font-size: 14px; font-style: normal; font-weight: 400; word-spacing: 1px;\">O uso das informa\u00e7\u00f5es \u00e9 de responsabilidade do pr\u00f3prio usu\u00e1rio.<\/p><h3 style=\"box-sizing: inherit; border-style: solid; border-color: rgb(210, 214, 220); margin: 0px 0px 0.5em; font-size: 1.44em; color: rgb(17, 17, 17); text-rendering: optimizelegibility; line-height: 1.2; font-family: Arial, Helvetica, sans-serif; font-style: normal; word-spacing: 1px;\">7. Links Externos<\/h3><p style=\"box-sizing: inherit; border-style: solid; border-color: rgb(210, 214, 220); margin: 0px 0px 1em; color: rgb(51, 51, 51); font-family: Arial, Helvetica, sans-serif; font-size: 14px; font-style: normal; font-weight: 400; word-spacing: 1px;\">Este site pode conter links para sites de terceiros.<\/p><p style=\"box-sizing: inherit; border-style: solid; border-color: rgb(210, 214, 220); margin: 0px 0px 1em; color: rgb(51, 51, 51); font-family: Arial, Helvetica, sans-serif; font-size: 14px; font-style: normal; font-weight: 400; word-spacing: 1px;\">N\u00e3o temos controle sobre esses sites e n\u00e3o nos responsabilizamos por seus conte\u00fados ou pr\u00e1ticas.<\/p><h3 style=\"box-sizing: inherit; border-style: solid; border-color: rgb(210, 214, 220); margin: 0px 0px 0.5em; font-size: 1.44em; color: rgb(17, 17, 17); text-rendering: optimizelegibility; line-height: 1.2; font-family: Arial, Helvetica, sans-serif; font-style: normal; word-spacing: 1px;\">8. Modifica\u00e7\u00f5es<\/h3><p style=\"box-sizing: inherit; border-style: solid; border-color: rgb(210, 214, 220); margin: 0px 0px 1em; color: rgb(51, 51, 51); font-family: Arial, Helvetica, sans-serif; font-size: 14px; font-style: normal; font-weight: 400; word-spacing: 1px;\">Estes Termos podem ser atualizados a qualquer momento, sem aviso pr\u00e9vio.<\/p><p style=\"box-sizing: inherit; border-style: solid; border-color: rgb(210, 214, 220); margin: 0px 0px 1em; color: rgb(51, 51, 51); font-family: Arial, Helvetica, sans-serif; font-size: 14px; font-style: normal; font-weight: 400; word-spacing: 1px;\">Recomendamos que voc\u00ea revise esta p\u00e1gina periodicamente.<\/p><h3 style=\"box-sizing: inherit; border-style: solid; border-color: rgb(210, 214, 220); margin: 0px 0px 0.5em; font-size: 1.44em; color: rgb(17, 17, 17); text-rendering: optimizelegibility; line-height: 1.2; font-family: Arial, Helvetica, sans-serif; font-style: normal; word-spacing: 1px;\">9. Contato<\/h3><p style=\"box-sizing: inherit; border-style: solid; border-color: rgb(210, 214, 220); margin: 0px 0px 1em; color: rgb(51, 51, 51); font-family: Arial, Helvetica, sans-serif; font-size: 14px; font-style: normal; font-weight: 400; word-spacing: 1px;\">Se voc\u00ea tiver d\u00favidas sobre estes Termos, acesse a p\u00e1gina Fale Conosco e envie sua mensagem.<\/p>\t\t\t\t\t\t\t\t<\/div>\n\t\t\t\t<div class=\"elementor-element elementor-element-fe083ef elementor-widget elementor-widget-spacer\" data-id=\"fe083ef\" data-element_type=\"widget\" data-e-type=\"widget\" data-widget_type=\"spacer.default\">\n\t\t\t\t\t\t\t<div class=\"elementor-spacer\">\n\t\t\t<div class=\"elementor-spacer-inner\"><\/div>\n\t\t<\/div>\n\t\t\t\t\t\t<\/div>\n\t\t\t\t\t<\/div>\n\t\t\t\t<\/div>\n\t\t\t\t<\/div>\n\t\t","protected":false},"excerpt":{"rendered":"<p>Termos de Uso 1. Aceita\u00e7\u00e3o dos Termos Ao acessar o site&nbsp;[DIGITE O NOME DO SEU SITE], voc\u00ea concorda com estes Termos de Uso e com todas as leis e regulamentos aplic\u00e1veis. Caso n\u00e3o concorde com algum destes termos, recomendamos que n\u00e3o utilize este site. 2. Sobre o Conte\u00fado Todo o conte\u00fado disponibilizado neste site tem [&hellip;]<\/p>\n","protected":false},"author":1,"featured_media":0,"parent":0,"menu_order":0,"comment_status":"closed","ping_status":"closed","template":"elementor_header_footer","meta":{"site-sidebar-layout":"no-sidebar","site-content-layout":"","ast-site-content-layout":"full-width-container","site-content-style":"default","site-sidebar-style":"default","ast-global-header-display":"","ast-banner-title-visibility":"","ast-main-header-display":"","ast-hfb-above-header-display":"","ast-hfb-below-header-display":"","ast-hfb-mobile-header-display":"","site-post-title":"","ast-breadcrumbs-content":"","ast-featured-img":"disabled","footer-sml-layout":"","ast-disable-related-posts":"","theme-transparent-header-meta":"","adv-header-id-meta":"","stick-header-meta":"","header-above-stick-meta":"","header-main-stick-meta":"","header-below-stick-meta":"","astra-migrate-meta-layouts":"default","ast-page-background-enabled":"default","ast-page-background-meta":{"desktop":{"background-color":"var(--ast-global-color-5)","background-image":"","background-repeat":"repeat","background-position":"center center","background-size":"auto","background-attachment":"scroll","background-type":"","background-media":"","overlay-type":"","overlay-color":"","overlay-opacity":"","overlay-gradient":""},"tablet":{"background-color":"","background-image":"","background-repeat":"repeat","background-position":"center center","background-size":"auto","background-attachment":"scroll","background-type":"","background-media":"","overlay-type":"","overlay-color":"","overlay-opacity":"","overlay-gradient":""},"mobile":{"background-color":"","background-image":"","background-repeat":"repeat","background-position":"center center","background-size":"auto","background-attachment":"scroll","background-type":"","background-media":"","overlay-type":"","overlay-color":"","overlay-opacity":"","overlay-gradient":""}},"ast-content-background-meta":{"desktop":{"background-color":"var(--ast-global-color-4)","background-image":"","background-repeat":"repeat","background-position":"center center","background-size":"auto","background-attachment":"scroll","background-type":"","background-media":"","overlay-type":"","overlay-color":"","overlay-opacity":"","overlay-gradient":""},"tablet":{"background-color":"var(--ast-global-color-4)","background-image":"","background-repeat":"repeat","background-position":"center center","background-size":"auto","background-attachment":"scroll","background-type":"","background-media":"","overlay-type":"","overlay-color":"","overlay-opacity":"","overlay-gradient":""},"mobile":{"background-color":"var(--ast-global-color-4)","background-image":"","background-repeat":"repeat","background-position":"center center","background-size":"auto","background-attachment":"scroll","background-type":"","background-media":"","overlay-type":"","overlay-color":"","overlay-opacity":"","overlay-gradient":""}},"footnotes":""},"class_list":["post-120","page","type-page","status-publish","hentry"],"_links":{"self":[{"href":"https:\/\/rendaextravirtual.com.br\/blog\/wp-json\/wp\/v2\/pages\/120","targetHints":{"allow":["GET"]}}],"collection":[{"href":"https:\/\/rendaextravirtual.com.br\/blog\/wp-json\/wp\/v2\/pages"}],"about":[{"href":"https:\/\/rendaextravirtual.com.br\/blog\/wp-json\/wp\/v2\/types\/page"}],"author":[{"embeddable":true,"href":"https:\/\/rendaextravirtual.com.br\/blog\/wp-json\/wp\/v2\/users\/1"}],"replies":[{"embeddable":true,"href":"https:\/\/rendaextravirtual.com.br\/blog\/wp-json\/wp\/v2\/comments?post=120"}],"version-history":[{"count":7,"href":"https:\/\/rendaextravirtual.com.br\/blog\/wp-json\/wp\/v2\/pages\/120\/revisions"}],"predecessor-version":[{"id":311,"href":"https:\/\/rendaextravirtual.com.br\/blog\/wp-json\/wp\/v2\/pages\/120\/revisions\/311"}],"wp:attachment":[{"href":"https:\/\/rendaextravirtual.com.br\/blog\/wp-json\/wp\/v2\/media?parent=120"}],"curies":[{"name":"wp","href":"https:\/\/api.w.org\/{rel}","templated":true}]}}