{"id":112,"date":"2026-04-08T17:00:58","date_gmt":"2026-04-08T17:00:58","guid":{"rendered":"https:\/\/rendaextravirtual.com.br\/blog\/?page_id=112"},"modified":"2026-04-16T18:58:19","modified_gmt":"2026-04-16T18:58:19","slug":"politica-de-privacidade","status":"publish","type":"page","link":"https:\/\/rendaextravirtual.com.br\/blog\/politica-de-privacidade\/","title":{"rendered":"Pol\u00edtica de Privacidade"},"content":{"rendered":"\t\t<div data-elementor-type=\"wp-page\" data-elementor-id=\"112\" class=\"elementor elementor-112\">\n\t\t\t\t<div class=\"elementor-element elementor-element-78ac205 e-flex e-con-boxed e-con e-parent\" data-id=\"78ac205\" data-element_type=\"container\" data-e-type=\"container\">\n\t\t\t\t\t<div class=\"e-con-inner\">\n\t\t\t\t<div class=\"elementor-element elementor-element-6a3e908 elementor-widget elementor-widget-spacer\" data-id=\"6a3e908\" data-element_type=\"widget\" data-e-type=\"widget\" data-widget_type=\"spacer.default\">\n\t\t\t\t\t\t\t<div class=\"elementor-spacer\">\n\t\t\t<div class=\"elementor-spacer-inner\"><\/div>\n\t\t<\/div>\n\t\t\t\t\t\t<\/div>\n\t\t\t\t<div class=\"elementor-element elementor-element-880bed0 elementor-widget elementor-widget-heading\" data-id=\"880bed0\" data-element_type=\"widget\" data-e-type=\"widget\" data-widget_type=\"heading.default\">\n\t\t\t\t\t<h2 class=\"elementor-heading-title elementor-size-default\">Pol\u00edtica de Privacidade<\/h2>\t\t\t\t<\/div>\n\t\t\t\t<div class=\"elementor-element elementor-element-7324de0 elementor-widget elementor-widget-text-editor\" data-id=\"7324de0\" data-element_type=\"widget\" data-e-type=\"widget\" data-widget_type=\"text-editor.default\">\n\t\t\t\t\t\t\t\t\t<p style=\"box-sizing: inherit; border-style: solid; border-color: #d2d6dc; margin: 0px 0px 1em; color: #333333; font-family: Arial, Helvetica, sans-serif; font-size: 14px; font-style: normal; font-weight: 400; word-spacing: 1px;\"><span style=\"box-sizing: inherit; outline: 0px !important; color: #444444; border: 0px solid #d2d6dc;\" data-redactor-span=\"true\" data-redactor-style-cache=\"color: rgb(68, 68, 68);\">A sua privacidade \u00e9 importante para n\u00f3s. \u00c9 pol\u00edtica do\u00a0<span style=\"box-sizing: inherit; font-weight: bolder; outline: 0px !important; border: 0px solid #d2d6dc;\">DIGITE O NOME DO SEU SITE<\/span>\u00a0respeitar a sua privacidade em rela\u00e7\u00e3o a qualquer informa\u00e7\u00e3o sua que possamos coletar no site\u00a0<span style=\"box-sizing: inherit; font-weight: bolder; outline: 0px !important; border: 0px solid #d2d6dc;\"><a style=\"box-sizing: inherit; color: #3397ff; text-decoration: inherit; outline: 0px !important; border: 0px solid #d2d6dc;\" href=\"https:\/\/nomedoseusite.com.br\/\" target=\"_blank\" rel=\"noopener\">https:\/\/nomedoseusite.com.br<\/a><\/span>, e outros sites que possu\u00edmos e operamos.<\/span><\/p><p style=\"box-sizing: inherit; border-style: solid; border-color: #d2d6dc; margin: 0px 0px 1em; color: #333333; font-family: Arial, Helvetica, sans-serif; font-size: 14px; font-style: normal; font-weight: 400; word-spacing: 1px;\"><span style=\"box-sizing: inherit; outline: 0px !important; color: #444444; border: 0px solid #d2d6dc;\" data-redactor-span=\"true\" data-redactor-style-cache=\"color: rgb(68, 68, 68);\">Solicitamos informa\u00e7\u00f5es pessoais apenas quando realmente precisamos delas para lhe fornecer um servi\u00e7o. Fazemo-lo por meios justos e legais, com o seu conhecimento e consentimento. Tamb\u00e9m informamos por que estamos coletando e como ser\u00e1 usado.<\/span><\/p><p style=\"box-sizing: inherit; border-style: solid; border-color: #d2d6dc; margin: 0px 0px 1em; color: #333333; font-family: Arial, Helvetica, sans-serif; font-size: 14px; font-style: normal; font-weight: 400; word-spacing: 1px;\"><span style=\"box-sizing: inherit; outline: 0px !important; color: #444444; border: 0px solid #d2d6dc;\" data-redactor-span=\"true\" data-redactor-style-cache=\"color: rgb(68, 68, 68);\">Apenas retemos as informa\u00e7\u00f5es coletadas pelo tempo necess\u00e1rio para fornecer o servi\u00e7o solicitado. Quando armazenamos dados, protegemos dentro de meios comercialmente aceit\u00e1veis para evitar perdas e roubos, bem como acesso, divulga\u00e7\u00e3o, c\u00f3pia, uso ou modifica\u00e7\u00e3o n\u00e3o autorizados.<\/span><\/p><p style=\"box-sizing: inherit; border-style: solid; border-color: #d2d6dc; margin: 0px 0px 1em; color: #333333; font-family: Arial, Helvetica, sans-serif; font-size: 14px; font-style: normal; font-weight: 400; word-spacing: 1px;\"><span style=\"box-sizing: inherit; outline: 0px !important; color: #444444; border: 0px solid #d2d6dc;\" data-redactor-span=\"true\" data-redactor-style-cache=\"color: rgb(68, 68, 68);\">N\u00e3o compartilhamos informa\u00e7\u00f5es de identifica\u00e7\u00e3o pessoal publicamente ou com terceiros, exceto quando exigido por lei.<\/span><\/p><p style=\"box-sizing: inherit; border-style: solid; border-color: #d2d6dc; margin: 0px 0px 1em; color: #333333; font-family: Arial, Helvetica, sans-serif; font-size: 14px; font-style: normal; font-weight: 400; word-spacing: 1px;\"><span style=\"box-sizing: inherit; outline: 0px !important; color: #444444; border: 0px solid #d2d6dc;\" data-redactor-span=\"true\" data-redactor-style-cache=\"color: rgb(68, 68, 68);\">O nosso site pode ter links para sites externos que n\u00e3o s\u00e3o operados por n\u00f3s. Esteja ciente de que n\u00e3o temos controle sobre o conte\u00fado e pr\u00e1ticas desses sites e n\u00e3o podemos aceitar responsabilidade por suas respectivas\u00a0<\/span><a style=\"box-sizing: inherit; color: #444444; text-decoration: inherit; outline: 0px !important; border: 0px solid #d2d6dc;\" href=\"https:\/\/politicaprivacidade.com\/\" target=\"_blank\" rel=\"noopener noreferrer\" data-redactor-style-cache=\"background-color: transparent; color: rgb(68, 68, 68);\">pol\u00edticas de privacidade<\/a><span style=\"box-sizing: inherit; outline: 0px !important; color: #444444; border: 0px solid #d2d6dc;\" data-redactor-span=\"true\" data-redactor-style-cache=\"color: rgb(68, 68, 68);\">.<\/span><\/p><p style=\"box-sizing: inherit; border-style: solid; border-color: #d2d6dc; margin: 0px 0px 1em; color: #333333; font-family: Arial, Helvetica, sans-serif; font-size: 14px; font-style: normal; font-weight: 400; word-spacing: 1px;\"><span style=\"box-sizing: inherit; outline: 0px !important; color: #444444; border: 0px solid #d2d6dc;\" data-redactor-span=\"true\" data-redactor-style-cache=\"color: rgb(68, 68, 68);\">Voc\u00ea \u00e9 livre para recusar a nossa solicita\u00e7\u00e3o de informa\u00e7\u00f5es pessoais, entendendo que talvez n\u00e3o possamos fornecer alguns dos servi\u00e7os desejados.<\/span><\/p><p style=\"box-sizing: inherit; border-style: solid; border-color: #d2d6dc; margin: 0px 0px 1em; color: #333333; font-family: Arial, Helvetica, sans-serif; font-size: 14px; font-style: normal; font-weight: 400; word-spacing: 1px;\"><span style=\"box-sizing: inherit; outline: 0px !important; color: #444444; border: 0px solid #d2d6dc;\" data-redactor-span=\"true\" data-redactor-style-cache=\"color: rgb(68, 68, 68);\">O uso continuado de nosso site ser\u00e1 considerado como aceita\u00e7\u00e3o de nossas pr\u00e1ticas em torno de privacidade e informa\u00e7\u00f5es pessoais. Se voc\u00ea tiver alguma d\u00favida sobre como lidamos com dados do usu\u00e1rio e informa\u00e7\u00f5es pessoais, entre em contacto connosco.<\/span><\/p><ul style=\"box-sizing: inherit; border-style: solid; border-color: #d2d6dc; list-style: none; margin: 0px 0px 1em 1.5em; color: #333333; font-family: Arial, Helvetica, sans-serif; font-size: 14px; font-style: normal; font-weight: 400; word-spacing: 1px;\"><li style=\"box-sizing: inherit; border-style: solid; border-color: #d2d6dc;\"><span style=\"box-sizing: inherit; outline: 0px !important; color: #444444; border: 0px solid #d2d6dc;\" data-redactor-span=\"true\" data-redactor-style-cache=\"color: rgb(68, 68, 68);\">O servi\u00e7o Google AdSense que usamos para veicular publicidade usa um cookie DoubleClick para veicular an\u00fancios mais relevantes em toda a Web e limitar o n\u00famero de vezes que um determinado an\u00fancio \u00e9 exibido para voc\u00ea.<\/span><\/li><li style=\"box-sizing: inherit; border-style: solid; border-color: #d2d6dc;\"><span style=\"box-sizing: inherit; outline: 0px !important; color: #444444; border: 0px solid #d2d6dc;\" data-redactor-span=\"true\" data-redactor-style-cache=\"color: rgb(68, 68, 68);\">Para mais informa\u00e7\u00f5es sobre o Google AdSense, consulte as FAQs oficiais sobre privacidade do Google AdSense.<\/span><\/li><li style=\"box-sizing: inherit; border-style: solid; border-color: #d2d6dc;\"><span style=\"box-sizing: inherit; outline: 0px !important; color: #444444; border: 0px solid #d2d6dc;\" data-redactor-span=\"true\" data-redactor-style-cache=\"color: rgb(68, 68, 68);\">Utilizamos an\u00fancios para compensar os custos de funcionamento deste site e fornecer financiamento para futuros desenvolvimentos. Os cookies de publicidade comportamental usados por este site foram projetados para garantir que voc\u00ea forne\u00e7a os an\u00fancios mais relevantes sempre que poss\u00edvel, rastreando anonimamente seus interesses e apresentando coisas semelhantes que possam ser do seu interesse.<\/span><\/li><li style=\"box-sizing: inherit; border-style: solid; border-color: #d2d6dc;\"><span style=\"box-sizing: inherit; outline: 0px !important; color: #444444; border: 0px solid #d2d6dc;\" data-redactor-span=\"true\" data-redactor-style-cache=\"color: rgb(68, 68, 68);\">V\u00e1rios parceiros anunciam em nosso nome e os cookies de rastreamento de afiliados simplesmente nos permitem ver se nossos clientes acessaram o site atrav\u00e9s de um dos sites de nossos parceiros, para que possamos credit\u00e1-los adequadamente e, quando aplic\u00e1vel, permitir que nossos parceiros afiliados ofere\u00e7am qualquer promo\u00e7\u00e3o que pode fornec\u00ea-lo para fazer uma compra.<\/span><\/li><\/ul><h3 style=\"box-sizing: inherit; border-style: solid; border-color: #d2d6dc; margin: 0px 0px 0.5em; font-size: 1.44em; color: #111111; text-rendering: optimizelegibility; line-height: 1.2; font-family: Arial, Helvetica, sans-serif; font-style: normal; word-spacing: 1px;\"><span style=\"box-sizing: inherit; outline: 0px !important; color: #444444; border: 0px solid #d2d6dc;\" data-redactor-span=\"true\" data-redactor-style-cache=\"color: rgb(68, 68, 68);\">Compromisso do Usu\u00e1rio<\/span><\/h3><p style=\"box-sizing: inherit; border-style: solid; border-color: #d2d6dc; margin: 0px 0px 1em; color: #333333; font-family: Arial, Helvetica, sans-serif; font-size: 14px; font-style: normal; font-weight: 400; word-spacing: 1px;\"><span style=\"box-sizing: inherit; outline: 0px !important; color: #444444; border: 0px solid #d2d6dc;\" data-redactor-span=\"true\" data-redactor-style-cache=\"color: rgb(68, 68, 68);\">O usu\u00e1rio se compromete a fazer uso adequado dos conte\u00fados e da informa\u00e7\u00e3o que o\u00a0<span style=\"box-sizing: inherit; font-weight: bolder; outline: 0px !important; border: 0px solid #d2d6dc;\">DIGITE O NOME DO SEU SITE<\/span>\u00a0oferece no site e com car\u00e1ter enunciativo, mas n\u00e3o limitativo:<\/span><\/p><ul style=\"box-sizing: inherit; border-style: solid; border-color: #d2d6dc; list-style: none; margin: 0px 0px 1em 1.5em; color: #333333; font-family: Arial, Helvetica, sans-serif; font-size: 14px; font-style: normal; font-weight: 400; word-spacing: 1px;\"><li style=\"box-sizing: inherit; border-style: solid; border-color: #d2d6dc;\"><span style=\"box-sizing: inherit; outline: 0px !important; color: #444444; border: 0px solid #d2d6dc;\" data-redactor-span=\"true\" data-redactor-style-cache=\"color: rgb(68, 68, 68);\">A) N\u00e3o se envolver em atividades que sejam ilegais ou contr\u00e1rias \u00e0 boa f\u00e9 a \u00e0 ordem p\u00fablica;<\/span><\/li><li style=\"box-sizing: inherit; border-style: solid; border-color: #d2d6dc;\"><span style=\"box-sizing: inherit; outline: 0px !important; color: #444444; border: 0px solid #d2d6dc;\" data-redactor-span=\"true\" data-redactor-style-cache=\"color: rgb(68, 68, 68);\">B) N\u00e3o difundir propaganda ou conte\u00fado de natureza racista, xenof\u00f3bica, jogos de sorte ou azar, qualquer tipo de pornografia ilegal, de apologia ao terrorismo ou contra os direitos humanos;<\/span><\/li><li style=\"box-sizing: inherit; border-style: solid; border-color: #d2d6dc;\"><span style=\"box-sizing: inherit; outline: 0px !important; color: #444444; border: 0px solid #d2d6dc;\" data-redactor-span=\"true\" data-redactor-style-cache=\"color: rgb(68, 68, 68);\">C) N\u00e3o causar danos aos sistemas f\u00edsicos (hardwares) e l\u00f3gicos (softwares) do\u00a0<span style=\"box-sizing: inherit; font-weight: bolder; outline: 0px !important; border: 0px solid #d2d6dc;\">DIGITE O NOME DO SEU SITE<\/span>, de seus fornecedores ou terceiros, para introduzir ou disseminar v\u00edrus inform\u00e1ticos ou quaisquer outros sistemas de hardware ou software que sejam capazes de causar danos anteriormente mencionados.<\/span><\/li><\/ul><h3 style=\"box-sizing: inherit; border-style: solid; border-color: #d2d6dc; margin: 0px 0px 0.5em; font-size: 1.44em; color: #111111; text-rendering: optimizelegibility; line-height: 1.2; font-family: Arial, Helvetica, sans-serif; font-style: normal; word-spacing: 1px;\"><span style=\"box-sizing: inherit; outline: 0px !important; color: #444444; border: 0px solid #d2d6dc;\" data-redactor-span=\"true\" data-redactor-style-cache=\"color: rgb(68, 68, 68);\">Mais informa\u00e7\u00f5es<\/span><\/h3><p style=\"box-sizing: inherit; border-style: solid; border-color: #d2d6dc; margin: 0px 0px 1em; color: #333333; font-family: Arial, Helvetica, sans-serif; font-size: 14px; font-style: normal; font-weight: 400; word-spacing: 1px;\"><span style=\"box-sizing: inherit; outline: 0px !important; color: #444444; border: 0px solid #d2d6dc;\" data-redactor-span=\"true\" data-redactor-style-cache=\"color: rgb(68, 68, 68);\">Esperemos que esteja esclarecido e, como mencionado anteriormente, se houver algo que voc\u00ea n\u00e3o tem certeza se precisa ou n\u00e3o, geralmente \u00e9 mais seguro deixar os cookies ativados, caso interaja com um dos recursos que voc\u00ea usa em nosso site.<\/span><\/p><p style=\"box-sizing: inherit; border-style: solid; border-color: #d2d6dc; margin: 0px 0px 1em; color: #333333; font-family: Arial, Helvetica, sans-serif; font-size: 14px; font-style: normal; font-weight: 400; word-spacing: 1px;\"><span style=\"box-sizing: inherit; outline: 0px !important; color: #444444; border: 0px solid #d2d6dc;\" data-redactor-span=\"true\" data-redactor-style-cache=\"color: rgb(68, 68, 68);\">Esta pol\u00edtica \u00e9 efetiva a partir de\u00a0<span style=\"box-sizing: inherit; font-weight: bolder; outline: 0px !important; border: 0px solid #d2d6dc;\">Digite a data de hoje.<\/span><\/span><\/p>\t\t\t\t\t\t\t\t<\/div>\n\t\t\t\t<div class=\"elementor-element elementor-element-c421380 elementor-widget elementor-widget-spacer\" data-id=\"c421380\" data-element_type=\"widget\" data-e-type=\"widget\" data-widget_type=\"spacer.default\">\n\t\t\t\t\t\t\t<div class=\"elementor-spacer\">\n\t\t\t<div class=\"elementor-spacer-inner\"><\/div>\n\t\t<\/div>\n\t\t\t\t\t\t<\/div>\n\t\t\t\t\t<\/div>\n\t\t\t\t<\/div>\n\t\t\t\t<\/div>\n\t\t","protected":false},"excerpt":{"rendered":"<p>Pol\u00edtica de Privacidade A sua privacidade \u00e9 importante para n\u00f3s. \u00c9 pol\u00edtica do\u00a0DIGITE O NOME DO SEU SITE\u00a0respeitar a sua privacidade em rela\u00e7\u00e3o a qualquer informa\u00e7\u00e3o sua que possamos coletar no site\u00a0https:\/\/nomedoseusite.com.br, e outros sites que possu\u00edmos e operamos. Solicitamos informa\u00e7\u00f5es pessoais apenas quando realmente precisamos delas para lhe fornecer um servi\u00e7o. Fazemo-lo por meios [&hellip;]<\/p>\n","protected":false},"author":1,"featured_media":0,"parent":0,"menu_order":0,"comment_status":"closed","ping_status":"closed","template":"elementor_header_footer","meta":{"site-sidebar-layout":"no-sidebar","site-content-layout":"","ast-site-content-layout":"full-width-container","site-content-style":"default","site-sidebar-style":"default","ast-global-header-display":"","ast-banner-title-visibility":"","ast-main-header-display":"","ast-hfb-above-header-display":"","ast-hfb-below-header-display":"","ast-hfb-mobile-header-display":"","site-post-title":"","ast-breadcrumbs-content":"","ast-featured-img":"disabled","footer-sml-layout":"","ast-disable-related-posts":"","theme-transparent-header-meta":"","adv-header-id-meta":"","stick-header-meta":"","header-above-stick-meta":"","header-main-stick-meta":"","header-below-stick-meta":"","astra-migrate-meta-layouts":"default","ast-page-background-enabled":"default","ast-page-background-meta":{"desktop":{"background-color":"var(--ast-global-color-5)","background-image":"","background-repeat":"repeat","background-position":"center center","background-size":"auto","background-attachment":"scroll","background-type":"","background-media":"","overlay-type":"","overlay-color":"","overlay-opacity":"","overlay-gradient":""},"tablet":{"background-color":"","background-image":"","background-repeat":"repeat","background-position":"center center","background-size":"auto","background-attachment":"scroll","background-type":"","background-media":"","overlay-type":"","overlay-color":"","overlay-opacity":"","overlay-gradient":""},"mobile":{"background-color":"","background-image":"","background-repeat":"repeat","background-position":"center center","background-size":"auto","background-attachment":"scroll","background-type":"","background-media":"","overlay-type":"","overlay-color":"","overlay-opacity":"","overlay-gradient":""}},"ast-content-background-meta":{"desktop":{"background-color":"var(--ast-global-color-4)","background-image":"","background-repeat":"repeat","background-position":"center center","background-size":"auto","background-attachment":"scroll","background-type":"","background-media":"","overlay-type":"","overlay-color":"","overlay-opacity":"","overlay-gradient":""},"tablet":{"background-color":"var(--ast-global-color-4)","background-image":"","background-repeat":"repeat","background-position":"center center","background-size":"auto","background-attachment":"scroll","background-type":"","background-media":"","overlay-type":"","overlay-color":"","overlay-opacity":"","overlay-gradient":""},"mobile":{"background-color":"var(--ast-global-color-4)","background-image":"","background-repeat":"repeat","background-position":"center center","background-size":"auto","background-attachment":"scroll","background-type":"","background-media":"","overlay-type":"","overlay-color":"","overlay-opacity":"","overlay-gradient":""}},"footnotes":""},"class_list":["post-112","page","type-page","status-publish","hentry"],"_links":{"self":[{"href":"https:\/\/rendaextravirtual.com.br\/blog\/wp-json\/wp\/v2\/pages\/112","targetHints":{"allow":["GET"]}}],"collection":[{"href":"https:\/\/rendaextravirtual.com.br\/blog\/wp-json\/wp\/v2\/pages"}],"about":[{"href":"https:\/\/rendaextravirtual.com.br\/blog\/wp-json\/wp\/v2\/types\/page"}],"author":[{"embeddable":true,"href":"https:\/\/rendaextravirtual.com.br\/blog\/wp-json\/wp\/v2\/users\/1"}],"replies":[{"embeddable":true,"href":"https:\/\/rendaextravirtual.com.br\/blog\/wp-json\/wp\/v2\/comments?post=112"}],"version-history":[{"count":7,"href":"https:\/\/rendaextravirtual.com.br\/blog\/wp-json\/wp\/v2\/pages\/112\/revisions"}],"predecessor-version":[{"id":308,"href":"https:\/\/rendaextravirtual.com.br\/blog\/wp-json\/wp\/v2\/pages\/112\/revisions\/308"}],"wp:attachment":[{"href":"https:\/\/rendaextravirtual.com.br\/blog\/wp-json\/wp\/v2\/media?parent=112"}],"curies":[{"name":"wp","href":"https:\/\/api.w.org\/{rel}","templated":true}]}}